{"id":685,"date":"2015-11-24T07:42:31","date_gmt":"2015-11-24T07:42:31","guid":{"rendered":"http:\/\/logistics.stylemixthemes.com\/\/?page_id=685"},"modified":"2024-07-08T09:32:20","modified_gmt":"2024-07-08T09:32:20","slug":"services-grid","status":"publish","type":"page","link":"https:\/\/www.dhl-afs.com\/?page_id=685","title":{"rendered":"Services Grid"},"content":{"rendered":"<div class=\"wpb-content-wrapper\"><p>[vc_row css=\u00a0\u00bb.vc_custom_1449137312762{margin-bottom: 40px !important;}\u00a0\u00bb][vc_column offset=\u00a0\u00bbvc_col-lg-4 vc_col-md-4&Prime; css=\u00a0\u00bb.vc_custom_1449137321169{margin-bottom: 40px !important;}\u00a0\u00bb][vc_column_text]<\/p>\n<h2>Qualit\u00e9 et Performance au juste prix<\/h2>\n<p>[\/vc_column_text][\/vc_column][vc_column offset=\u00a0\u00bbvc_col-lg-8 vc_col-md-8&Prime;][vc_column_text]Nous avons \u00e9valu\u00e9 pour mieux vous servir avec des installations modernes et une vision tourn\u00e9e vers l\u2019avenir. Nous combinons le fret a\u00e9rien et maritime intercontinental avec des services logistiques et des services de cha\u00eene d&rsquo;approvisionnement complets \u00e0 valeur ajout\u00e9e.<\/p>\n<p>La gamme de solutions Supply Chain peut varier du simple transport ou stockage jusqu&rsquo;aux op\u00e9rations complexes.<\/p>\n<p>Nous optimisons toutes les activit\u00e9s autour des flux d\u2019information, mat\u00e9riels et financiers. Nous fournissons des solutions de bout en bout int\u00e9gr\u00e9es \u00e0 l&rsquo;\u00e9chelle mondiale, adapt\u00e9es aux besoins de gestion de la cha\u00eene d&rsquo;approvisionnement de nos clients, avec un engagement particulier envers les exigences sp\u00e9cifiques du secteur.[\/vc_column_text][\/vc_column][\/vc_row][vc_row css=\u00a0\u00bb.vc_custom_1448358695952{margin-bottom: 40px !important;}\u00a0\u00bb][vc_column][stm_services_grid posts_per_page=\u00a0\u00bb15&Prime; posts_per_row=\u00a0\u00bb3&Prime;][\/vc_column][\/vc_row][vc_row full_width=\u00a0\u00bbstretch_row\u00a0\u00bb css=\u00a0\u00bb.vc_custom_1449137637970{margin-bottom: 0px !important;padding-top: 80px !important;padding-bottom: 30px !important;background-color: #f7f7f7 !important;}\u00a0\u00bb][vc_column width=\u00a0\u00bb1\/2&Prime; css=\u00a0\u00bb.vc_custom_1449137646409{margin-bottom: 40px !important;}\u00a0\u00bb][vc_column_text]<\/p>\n<h3>Des solutions efficaces<\/h3>\n<p>Vous b\u00e9n\u00e9ficiez de notre exp\u00e9rience dans la fourniture de solutions efficaces aux cha\u00eenes d\u2019approvisionnement mondiales complexes de certaines des plus grandes entreprises du monde. Vous b\u00e9n\u00e9ficiez de chaque innovation, qu&rsquo;il s&rsquo;agisse d&rsquo;une simple extension de nos produits de fret a\u00e9rien et maritime, qu&rsquo;il s&rsquo;agisse d&rsquo;un d\u00e9veloppement de l&rsquo;entreposage ou qu&rsquo;elle n\u00e9cessite un tout nouveau mod\u00e8le de cha\u00eene d&rsquo;approvisionnement int\u00e9gr\u00e9e.[\/vc_column_text][\/vc_column][vc_column width=\u00a0\u00bb1\/2&Prime; css=\u00a0\u00bb.vc_custom_1449137653081{margin-bottom: 40px !important;}\u00a0\u00bb][vc_column_text]<\/p>\n<h3>Une richesse d&rsquo;exp\u00e9rience<\/h3>\n<p>Chaque nouvelle solution ajoute \u00e0 la richesse de notre exp\u00e9rience, et donc \u00e0 notre comp\u00e9tence et notre cr\u00e9dibilit\u00e9. Tout cela explique pourquoi vous trouverez l\u2019\u00e9quipe de AFS pr\u00eate \u00e0 appliquer sa passion pour les solutions au soutien de votre entreprise.[\/vc_column_text][\/vc_column][\/vc_row][vc_row full_width=\u00a0\u00bbstretch_row_content_no_spaces\u00a0\u00bb equal_height=\u00a0\u00bbyes\u00a0\u00bb content_placement=\u00a0\u00bbtop\u00a0\u00bb el_class=\u00a0\u00bbsecondary_bg_color services_icons reset-sm-paddings\u00a0\u00bb css=\u00a0\u00bb.vc_custom_1450671531930{margin-bottom: 0px !important;}\u00a0\u00bb][vc_column css=\u00a0\u00bb.vc_custom_1449204255225{padding-top: 75px !important;padding-right: 115px !important;padding-bottom: 75px !important;padding-left: 115px !important;}\u00a0\u00bb offset=\u00a0\u00bbvc_col-lg-4 vc_col-md-4&Prime;][stm_icon icon_size=\u00a0\u00bb67&Prime; icon_height=\u00a0\u00bb90&Prime; title_font_size=\u00a0\u00bb24&Prime; title_font_weight=\u00a0\u00bb700&Prime; align=\u00a0\u00bbcenter\u00a0\u00bb icon=\u00a0\u00bbstm-security\u00a0\u00bb title=\u00a0\u00bbCoffre-fort s\u00e9curis\u00e9\u00a0\u00bb text=\u00a0\u00bbVous b\u00e9n\u00e9ficiez de notre exp\u00e9rience dans la fourniture de solutions efficaces aux cha\u00eenes d\u2019approvisionnement mondiales complexes de certaines des plus grandes entreprises du monde.\u00a0\u00bb icon_color=\u00a0\u00bb#ffffff\u00a0\u00bb title_color=\u00a0\u00bb#ffffff\u00a0\u00bb text_color=\u00a0\u00bb#ffffff\u00a0\u00bb][\/vc_column][vc_column css=\u00a0\u00bb.vc_custom_1449204260881{padding-top: 75px !important;padding-right: 115px !important;padding-bottom: 75px !important;padding-left: 115px !important;background-color: rgba(0,0,0,0.1) !important;*background-color: rgb(0,0,0) !important;}\u00a0\u00bb offset=\u00a0\u00bbvc_col-lg-4 vc_col-md-4&Prime;][stm_icon icon_size=\u00a0\u00bb67&Prime; icon_height=\u00a0\u00bb90&Prime; title_font_size=\u00a0\u00bb24&Prime; title_font_weight=\u00a0\u00bb700&Prime; align=\u00a0\u00bbcenter\u00a0\u00bb icon=\u00a0\u00bbstm-fast-delivery\u00a0\u00bb title=\u00a0\u00bbLivraison rapide\u00a0\u00bb text=\u00a0\u00bbVous b\u00e9n\u00e9ficiez de chaque innovation, qu&rsquo;il s&rsquo;agisse d&rsquo;une simple extension de nos produits Fret A\u00e9rien et Maritime, qu&rsquo;il s&rsquo;agisse d&rsquo;une \u00e9volution dans l&rsquo;entreposage.\u00a0\u00bb icon_color=\u00a0\u00bb#ffffff\u00a0\u00bb title_color=\u00a0\u00bb#ffffff\u00a0\u00bb text_color=\u00a0\u00bb#ffffff\u00a0\u00bb][\/vc_column][vc_column css=\u00a0\u00bb.vc_custom_1449204266169{padding-top: 75px !important;padding-right: 115px !important;padding-bottom: 75px !important;padding-left: 115px !important;background-color: rgba(0,0,0,0.2) !important;*background-color: rgb(0,0,0) !important;}\u00a0\u00bb offset=\u00a0\u00bbvc_col-lg-4 vc_col-md-4&Prime;][stm_icon icon_size=\u00a0\u00bb67&Prime; icon_height=\u00a0\u00bb90&Prime; title_font_size=\u00a0\u00bb24&Prime; title_font_weight=\u00a0\u00bb700&Prime; align=\u00a0\u00bbcenter\u00a0\u00bb icon=\u00a0\u00bbstm-support\u00a0\u00bb title=\u00a0\u00bbAssistance 24h\/24 et 7j\/7&Prime; text=\u00a0\u00bbTout cela explique pourquoi vous trouverez l\u2019\u00e9quipe d\u2019assistance exceptionnelle de TransCargo pr\u00eate \u00e0 appliquer sa passion pour les solutions au service de votre entreprise.\u00a0\u00bb icon_color=\u00a0\u00bb#ffffff\u00a0\u00bb title_color=\u00a0\u00bb#ffffff\u00a0\u00bb text_color=\u00a0\u00bb#ffffff\u00a0\u00bb][\/vc_column][\/vc_row]<\/p>\n<\/div>","protected":false},"excerpt":{"rendered":"<p>[vc_row css=\u00a0\u00bb.vc_custom_1449137312762{margin-bottom: 40px !important;}\u00a0\u00bb][vc_column offset=\u00a0\u00bbvc_col-lg-4 vc_col-md-4&Prime; css=\u00a0\u00bb.vc_custom_1449137321169{margin-bottom: 40px !important;}\u00a0\u00bb][vc_column_text] Qualit\u00e9 et Performance au juste prix [\/vc_column_text][\/vc_column][vc_column offset=\u00a0\u00bbvc_col-lg-8 vc_col-md-8&Prime;][vc_column_text]Nous avons \u00e9valu\u00e9 pour mieux vous servir avec des installations modernes et une vision tourn\u00e9e vers&#8230;<\/p>\n","protected":false},"author":1,"featured_media":0,"parent":0,"menu_order":0,"comment_status":"closed","ping_status":"closed","template":"","meta":{"iawp_total_views":618,"footnotes":""},"_links":{"self":[{"href":"https:\/\/www.dhl-afs.com\/index.php?rest_route=\/wp\/v2\/pages\/685"}],"collection":[{"href":"https:\/\/www.dhl-afs.com\/index.php?rest_route=\/wp\/v2\/pages"}],"about":[{"href":"https:\/\/www.dhl-afs.com\/index.php?rest_route=\/wp\/v2\/types\/page"}],"author":[{"embeddable":true,"href":"https:\/\/www.dhl-afs.com\/index.php?rest_route=\/wp\/v2\/users\/1"}],"replies":[{"embeddable":true,"href":"https:\/\/www.dhl-afs.com\/index.php?rest_route=%2Fwp%2Fv2%2Fcomments&post=685"}],"version-history":[{"count":5,"href":"https:\/\/www.dhl-afs.com\/index.php?rest_route=\/wp\/v2\/pages\/685\/revisions"}],"predecessor-version":[{"id":2273,"href":"https:\/\/www.dhl-afs.com\/index.php?rest_route=\/wp\/v2\/pages\/685\/revisions\/2273"}],"wp:attachment":[{"href":"https:\/\/www.dhl-afs.com\/index.php?rest_route=%2Fwp%2Fv2%2Fmedia&parent=685"}],"curies":[{"name":"wp","href":"https:\/\/api.w.org\/{rel}","templated":true}]}}