{"id":415,"date":"2015-11-17T04:19:36","date_gmt":"2015-11-17T04:19:36","guid":{"rendered":"http:\/\/logistics.stylemixthemes.com\/\/?page_id=415"},"modified":"2024-08-28T09:00:31","modified_gmt":"2024-08-28T09:00:31","slug":"about-us","status":"publish","type":"page","link":"https:\/\/www.dhl-afs.com\/?page_id=415","title":{"rendered":"A propos"},"content":{"rendered":"<div class=\"wpb-content-wrapper\"><p>[vc_row css=\u00a0\u00bb.vc_custom_1448604362911{margin-bottom: 100px !important;}\u00a0\u00bb][vc_column offset=\u00a0\u00bbvc_col-lg-9 vc_col-md-9&Prime;][vc_row_inner css=\u00a0\u00bb.vc_custom_1449140720718{margin-bottom: 0px !important;}\u00a0\u00bb][vc_column_inner offset=\u00a0\u00bbvc_hidden-xs\u00a0\u00bb css=\u00a0\u00bb.vc_custom_1449140656921{margin-bottom: 80px !important;}\u00a0\u00bb][rev_slider_vc alias=\u00a0\u00bbabout_us_slider\u00a0\u00bb][\/vc_column_inner][\/vc_row_inner][vc_column_text css=\u00a0\u00bb.vc_custom_1724835608072{margin-bottom: 30px !important;}\u00a0\u00bb]<\/p>\n<h2>Nous sommes AFS !<\/h2>\n<p>Un changement commence toujours la ou l\u2019ancien deviens nouveau.<\/p>\n<p>Notre \u00e9quipe, notre passion et notre engagement envers l\u2019excellence restent inchang\u00e9es, mais notre nom \u00e9volue pour mieux refl\u00e9ter notre engagement envers Afrique.<\/p>\n<p>Nous avons \u00e9valu\u00e9 pour mieux vous servir avec des installations modernes et une vision tourn\u00e9e vers l\u2019avenir.<\/p>\n<p>Bienvenue chez Africa Forwording Services (Agent Exclusif de DHL Global Forwarding).<\/p>\n<p>Africa Forwording Services est une nouvelle soci\u00e9t\u00e9 cr\u00e9\u00e9e r\u00e9cemment dans la chaine logistique en C\u00f4te d\u2019Ivoire et au S\u00e9n\u00e9gal.<\/p>\n<p>Apr\u00e8s le rachat du groupe SIMAT qui a rachet\u00e9 DHL Global Forwarding S\u00e9n\u00e9gal et DHL Global Forwarding Cote d\u2019ivoire aupr\u00e8s du groupe DHL.<\/p>\n<h2>Notre mission<\/h2>\n<p>[\/vc_column_text][vc_row_inner css=\u00a0\u00bb.vc_custom_1448605934156{margin-bottom: 80px !important;}\u00a0\u00bb][vc_column_inner width=\u00a0\u00bb1\/2&Prime;][vc_column_text css=\u00a0\u00bb.vc_custom_1713457319824{margin-bottom: 30px !important;}\u00a0\u00bb]<\/p>\n<ul class=\"style_3\">\n<li>Fournir des services clients respectueux de l\u2019environnement<\/li>\n<li>Offrir aux employ\u00e9s un environnement de travail attrayant<\/li>\n<li>Soyez un partenaire communautaire actif<\/li>\n<li>Maintenir des normes \u00e9thiques \u00e9lev\u00e9es<\/li>\n<li>Favoriser l\u2019am\u00e9lioration continue<\/li>\n<\/ul>\n<p>[\/vc_column_text][\/vc_column_inner][vc_column_inner width=\u00a0\u00bb1\/2&Prime;][vc_column_text]<\/p>\n<ul class=\"style_3\">\n<li>S\u00e9curit\u00e9 du fret<\/li>\n<li>Assurance du fret a\u00e9rien et maritime<\/li>\n<li>Notre courtage en douane hautement efficace<\/li>\n<li>Service d\u2019autorisation et de conformit\u00e9<\/li>\n<li>Nous assurons une s\u00e9curit\u00e9 totale<\/li>\n<\/ul>\n<p>[\/vc_column_text][\/vc_column_inner][\/vc_row_inner][vc_custom_heading text=\u00a0\u00bbNos partenaires\u00a0\u00bb use_theme_fonts=\u00a0\u00bbyes\u00a0\u00bb][stm_image_carousel img_size=\u00a0\u00bbfull\u00a0\u00bb autoplay=\u00a0\u00bbyes\u00a0\u00bb items=\u00a0\u00bb4&Prime; items_small_desktop=\u00a0\u00bb3&Prime; items_tablet=\u00a0\u00bb3&Prime; items_mobile=\u00a0\u00bb2&Prime; images=\u00a0\u00bb2468,1824,2453,1836,2455,1830,2458,1827,2479,1840,1842,1832,2466,2460,2462,2471&Prime; css=\u00a0\u00bb.vc_custom_1723049721239{margin-bottom: 80px !important;}\u00a0\u00bb][\/vc_column][vc_column width=\u00a0\u00bb1\/4&Prime; offset=\u00a0\u00bbvc_hidden-sm vc_hidden-xs\u00a0\u00bb][stm_sidebar sidebar=\u00a0\u00bb272&Prime;][\/vc_column][\/vc_row][vc_row full_width=\u00a0\u00bbstretch_row\u00a0\u00bb el_class=\u00a0\u00bbsecondary_bg_color\u00a0\u00bb css=\u00a0\u00bb.vc_custom_1447734480631{margin-bottom: 0px !important;}\u00a0\u00bb][vc_column][vc_cta h2=\u00a0\u00bbVous ne savez pas quelle solution correspond aux besoins de votre entreprise ?\u00a0\u00bb shape=\u00a0\u00bbsquare\u00a0\u00bb add_button=\u00a0\u00bbright\u00a0\u00bb btn_title=\u00a0\u00bbContactez Nous\u00a0\u00bb btn_style=\u00a0\u00bboutline\u00a0\u00bb btn_shape=\u00a0\u00bbround\u00a0\u00bb btn_color=\u00a0\u00bbwhite\u00a0\u00bb btn_i_align=\u00a0\u00bbright\u00a0\u00bb btn_i_icon_fontawesome=\u00a0\u00bbstm-arrow-next\u00a0\u00bb btn_add_icon=\u00a0\u00bbtrue\u00a0\u00bb el_class=\u00a0\u00bbsecondary_bg_color\u00a0\u00bb btn_link=\u00a0\u00bburl:https%3A%2F%2Fwww.dhl-afs.com%2F%3Fpage_id%3D442|title:Contacts\u00a0\u00bb][\/vc_cta][\/vc_column][\/vc_row]<\/p>\n<\/div>","protected":false},"excerpt":{"rendered":"<p>[vc_row css=\u00a0\u00bb.vc_custom_1448604362911{margin-bottom: 100px !important;}\u00a0\u00bb][vc_column offset=\u00a0\u00bbvc_col-lg-9 vc_col-md-9&Prime;][vc_row_inner css=\u00a0\u00bb.vc_custom_1449140720718{margin-bottom: 0px !important;}\u00a0\u00bb][vc_column_inner offset=\u00a0\u00bbvc_hidden-xs\u00a0\u00bb css=\u00a0\u00bb.vc_custom_1449140656921{margin-bottom: 80px !important;}\u00a0\u00bb][rev_slider_vc alias=\u00a0\u00bbabout_us_slider\u00a0\u00bb][\/vc_column_inner][\/vc_row_inner][vc_column_text css=\u00a0\u00bb.vc_custom_1724835608072{margin-bottom: 30px !important;}\u00a0\u00bb] Nous sommes AFS ! Un changement commence toujours la ou l\u2019ancien deviens nouveau. Notre \u00e9quipe, notre&#8230;<\/p>\n","protected":false},"author":1,"featured_media":0,"parent":0,"menu_order":0,"comment_status":"closed","ping_status":"closed","template":"","meta":{"iawp_total_views":673,"footnotes":""},"_links":{"self":[{"href":"https:\/\/www.dhl-afs.com\/index.php?rest_route=\/wp\/v2\/pages\/415"}],"collection":[{"href":"https:\/\/www.dhl-afs.com\/index.php?rest_route=\/wp\/v2\/pages"}],"about":[{"href":"https:\/\/www.dhl-afs.com\/index.php?rest_route=\/wp\/v2\/types\/page"}],"author":[{"embeddable":true,"href":"https:\/\/www.dhl-afs.com\/index.php?rest_route=\/wp\/v2\/users\/1"}],"replies":[{"embeddable":true,"href":"https:\/\/www.dhl-afs.com\/index.php?rest_route=%2Fwp%2Fv2%2Fcomments&post=415"}],"version-history":[{"count":25,"href":"https:\/\/www.dhl-afs.com\/index.php?rest_route=\/wp\/v2\/pages\/415\/revisions"}],"predecessor-version":[{"id":2585,"href":"https:\/\/www.dhl-afs.com\/index.php?rest_route=\/wp\/v2\/pages\/415\/revisions\/2585"}],"wp:attachment":[{"href":"https:\/\/www.dhl-afs.com\/index.php?rest_route=%2Fwp%2Fv2%2Fmedia&parent=415"}],"curies":[{"name":"wp","href":"https:\/\/api.w.org\/{rel}","templated":true}]}}